{"id":2359,"date":"2025-08-12T17:34:08","date_gmt":"2025-08-12T14:34:08","guid":{"rendered":"https:\/\/www.guardiansofnaxos.gr\/?page_id=2359"},"modified":"2025-08-12T17:57:15","modified_gmt":"2025-08-12T14:57:15","slug":"historical-background-peasant-war-hike","status":"publish","type":"page","link":"https:\/\/www.guardiansofnaxos.gr\/en\/historical-background-peasant-war-hike\/","title":{"rendered":"Historical Background for the Peasant War Hike"},"content":{"rendered":"\n<p>The sources documenting the 1687 peasant war offer limited information about the people of Naxos, their names and their perspective on the horrific events. To fill this gap, we created the character of Irini, representing one of the cases that judge Konstantin Kokkos might have protested. His opposition against the Venetian noblemen Jakob Koronello and Francesco Barozzi ultimately led to his brutal murder in 1687 and sparked the chain of atrocities that culminated in the peasant wars.<\/p>\n\n\n\n<p>Astrid Scharlau offers a good summary of the available information:<\/p>\n\n\n\n<h2 class=\"wp-block-heading\">The history of the family K\u00f3kkos<\/h2>\n\n\n\n<p>By Astrid Scharlau<\/p>\n\n\n\n<p>Several defence towers on the island belonged to the Greek family K\u00f3kkos. <strong>Konstantinos Kokkos<\/strong>, the most famous member of the family, was very politically active and was appointed as a representative of the villagers and a judge. He campaigned tirelessly for the rights of the poor Greek peasants. In 1670 and 1681, he led two uprisings against the feudal lords. This naturally made him extremely unpopular among the Venetians, which ended with him being brutally murdered in 1687. The murder was committed by Francis Barozzi, who, together with several other Catholic noblemen, lay in wait and attacked him as he returned to Chora from some errand. The representatives of the island\u2019s villages and the Burgos neighbourhood sent a long letter to the admiral of the Venetian fleet, signed by many priests and citizens of the island, requesting that this murder of the highly esteemed Naxiot leader be punished, if only to prevent further hostilities, but to no avail. The Venetian fleet was still active in the Cyclades at this time, constantly striving for naval supremacy in the Aegean against the Ottoman fleet; some five years earlier, the Venetians had briefly recaptured the island of Naxos, hoping to restore the Duchy of the Aegean, but had soon lost it again to the Ottomans.<\/p>\n\n\n\n<p>Two years later, the followers of Konstantinos Kokkos took revenge for the murder by murdering the father-in-law of Francis Barozzi, Chrousis Coronello, who was said to have instigated the crime, at Kaloxylos. This led to a bitter feud between the two families. The Kokkos family retreated to the fortified monastery of Ypsilot\u00e9ras near Gal\u00edni (near Engar\u00e9s), which had been built by Konstantinos Kokkos in 1660 and where his son Ambrosios was now abbot. A few days after the murder of Coronello, the enraged Catholics of Naxos instigated the pirate Reimond de Modene, whose frigate was anchoured in the harbour, to attack the fortified monastery of Ypsilot\u00e9ras together with leaders of the Catholic feudal lords under Jakob Coronello, the son of the murdered man. After a siege lasting several days, which cost the lives of several inhabitants of the monastery, the defenders managed to escape secretly during the night. They left behind Konstantinos Kokkos\u2019 then four-year-old daughter, fearing that the child would betray them by crying; they hoped that the attackers would not harm the child. They did indeed take the girl with them, and she seems to have lived in Ch\u00f3ra at least for a while and is said to have been brought up in the Catholic faith.<\/p>\n\n\n\n<p>The renewed bloodshed brought the events to the attention of the Venetian admiralty, who arrested both the abbot Ambrosios Kokkos and two of his companions as well as the Naxiot leader of the attackers, Jakob Coronello. Only much later, after further bloodshed, did the Capuchins of the Ch\u00f3ra succeed in reconciling the Catholic and Orthodox churches of the island, which had become bitter enemies as a result of the events. To finally put an end to the bloody feud, the families of Kokkos and Barozzi agreed to marry their children, and little Anno\u00fasa was promised to the son of Francis Barozzi. According to local tradition, this son, called Tsabat\u00eds, fell madly in love with the beautiful Anno\u00fasa, whom he saw in the family\u2019s tower near Potami\u00e1, and she returned the love of the handsome young man, with the result that he kidnapped her and the two married against the wishes of their families, thus ending their enmity. They lived in the Barozzi\u2019s fortified tower in Chalk\u00ed, which was long known as the \u2018Tower of Anno\u00fasa\u2019, while Anno\u00fasa\u2019s mother, Konstantinos\u2019 widow, lived in the tower near Potami\u00e1 until her death.<\/p>\n\n\n\n<p>From: <a href=\"https:\/\/azalas.de\/en\/naxos-venetian-towers\/\">https:\/\/azalas.de\/en\/naxos-venetian-towers\/<\/a><br><\/p>\n\n\n\n<p>Astrid Scharlau\u2019s account is based on these sources:<br>\u0397 \u0399\u03b5\u03c1\u03ac \u039c\u03bf\u03bd\u03ae \u03a0\u03b1\u03bd\u03b1\u03b3\u03af\u03b1\u03c2 \u03c4\u03b7\u03c2 \u03a5\u03c8\u03b9\u03bb\u03bf\u03c4\u03ad\u03c1\u03b1\u03c2 \u03b5\u03b9\u03c2 \u0395\u03b3\u03ba\u03b1\u03c1\u03ad\u03c2 \u039d\u03ac\u03be\u03bf\u03c5, \u039d\u03af\u03ba\u03bf\u03c2 \u039a\u03b5\u03c6\u03b1\u03bb\u03bb\u03b7\u03bd\u03b9\u03ac\u03b4\u03b7\u03c2, \u039d\u03b1\u03be\u03b9\u03b1\u03ba\u03ae \u03a0\u03c1\u03cc\u03bf\u03b4\u03bf\u03c2, 1966<\/p>\n\n\n\n<p><a href=\"https:\/\/www.kastra.eu\/castlegr.php?kastro=fragopoulo\">https:\/\/www.kastra.eu\/castlegr.php?kastro=fragopoulo<\/a><\/p>\n\n\n\n<p><a href=\"https:\/\/orinosaxotis.blogspot.com\/2018\/11\/1687.htm\">https:\/\/orinosaxotis.blogspot.com\/2018\/11\/1687.htm<\/a><\/p>\n\n\n\n<p><a href=\"https:\/\/ejournals.epublishing.ekt.gr\/index.php\/esperia\/article\/viewFile\/2000\/1843.pdf\">https:\/\/ejournals.epublishing.ekt.gr\/index.php\/esperia\/article\/viewFile\/2000\/1843.pdf<\/a><\/p>\n\n\n\n<p><\/p>\n","protected":false},"excerpt":{"rendered":"<p>The sources documenting the 1687 peasant war offer limited information about the people of Naxos, their names and their perspective on the horrific events. To fill this gap, we created the character of Irini, representing one of the cases that judge Konstantin Kokkos might have protested. His opposition against the Venetian noblemen Jakob Koronello and [&hellip;]<\/p>\n","protected":false},"author":1,"featured_media":0,"parent":0,"menu_order":0,"comment_status":"closed","ping_status":"closed","template":"","meta":{"footnotes":""},"class_list":["post-2359","page","type-page","status-publish","hentry"],"_links":{"self":[{"href":"https:\/\/www.guardiansofnaxos.gr\/en\/wp-json\/wp\/v2\/pages\/2359","targetHints":{"allow":["GET"]}}],"collection":[{"href":"https:\/\/www.guardiansofnaxos.gr\/en\/wp-json\/wp\/v2\/pages"}],"about":[{"href":"https:\/\/www.guardiansofnaxos.gr\/en\/wp-json\/wp\/v2\/types\/page"}],"author":[{"embeddable":true,"href":"https:\/\/www.guardiansofnaxos.gr\/en\/wp-json\/wp\/v2\/users\/1"}],"replies":[{"embeddable":true,"href":"https:\/\/www.guardiansofnaxos.gr\/en\/wp-json\/wp\/v2\/comments?post=2359"}],"version-history":[{"count":2,"href":"https:\/\/www.guardiansofnaxos.gr\/en\/wp-json\/wp\/v2\/pages\/2359\/revisions"}],"predecessor-version":[{"id":2367,"href":"https:\/\/www.guardiansofnaxos.gr\/en\/wp-json\/wp\/v2\/pages\/2359\/revisions\/2367"}],"wp:attachment":[{"href":"https:\/\/www.guardiansofnaxos.gr\/en\/wp-json\/wp\/v2\/media?parent=2359"}],"curies":[{"name":"wp","href":"https:\/\/api.w.org\/{rel}","templated":true}]}}